{"id":495,"date":"2026-02-04T14:43:23","date_gmt":"2026-02-04T14:43:23","guid":{"rendered":"https:\/\/www.websites12345.online\/drjungnew\/?page_id=495"},"modified":"2026-02-05T17:42:51","modified_gmt":"2026-02-05T17:42:51","slug":"kontakt","status":"publish","type":"page","link":"https:\/\/www.websites12345.online\/drjungnew\/kontakt\/","title":{"rendered":"Kontakt"},"content":{"rendered":"\t\t<div data-elementor-type=\"wp-page\" data-elementor-id=\"495\" class=\"elementor elementor-495\" data-elementor-post-type=\"page\">\n\t\t\t\t\t\t<section class=\"elementor-section elementor-top-section elementor-element elementor-element-9a3f0d0 elementor-section-boxed elementor-section-height-default elementor-section-height-default\" data-id=\"9a3f0d0\" data-element_type=\"section\" data-settings=\"{&quot;background_background&quot;:&quot;classic&quot;}\">\n\t\t\t\t\t\t\t<div class=\"elementor-background-overlay\"><\/div>\n\t\t\t\t\t\t\t<div class=\"elementor-container elementor-column-gap-default\">\n\t\t\t\t\t<div class=\"elementor-column elementor-col-100 elementor-top-column elementor-element elementor-element-f643dcd\" data-id=\"f643dcd\" data-element_type=\"column\" data-settings=\"{&quot;background_background&quot;:&quot;classic&quot;,&quot;animation&quot;:&quot;none&quot;}\">\n\t\t\t<div class=\"elementor-widget-wrap elementor-element-populated\">\n\t\t\t\t\t\t<section class=\"elementor-section elementor-inner-section elementor-element elementor-element-ab43e79 elementor-section-boxed elementor-section-height-default elementor-section-height-default\" data-id=\"ab43e79\" data-element_type=\"section\">\n\t\t\t\t\t\t<div class=\"elementor-container elementor-column-gap-default\">\n\t\t\t\t\t<div class=\"elementor-column elementor-col-100 elementor-inner-column elementor-element elementor-element-254f36e elementor-invisible\" data-id=\"254f36e\" data-element_type=\"column\" data-settings=\"{&quot;animation&quot;:&quot;fadeInRight&quot;}\">\n\t\t\t<div class=\"elementor-widget-wrap elementor-element-populated\">\n\t\t\t\t\t\t<div class=\"elementor-element elementor-element-2abda36 elementor-widget__width-inherit elementor-widget elementor-widget-heading\" data-id=\"2abda36\" data-element_type=\"widget\" data-widget_type=\"heading.default\">\n\t\t\t\t\t<h2 class=\"elementor-heading-title elementor-size-default\">\nKontakt<\/h2>\t\t\t\t<\/div>\n\t\t\t\t\t<\/div>\n\t\t<\/div>\n\t\t\t\t\t<\/div>\n\t\t<\/section>\n\t\t\t\t\t<\/div>\n\t\t<\/div>\n\t\t\t\t\t<\/div>\n\t\t<\/section>\n\t\t\t\t<section class=\"elementor-section elementor-top-section elementor-element elementor-element-57eb28c9 elementor-section-boxed elementor-section-height-default elementor-section-height-default\" data-id=\"57eb28c9\" data-element_type=\"section\">\n\t\t\t\t\t\t<div class=\"elementor-container elementor-column-gap-default\">\n\t\t\t\t\t<div class=\"elementor-column elementor-col-100 elementor-top-column elementor-element elementor-element-286e08f8 elementor-invisible\" data-id=\"286e08f8\" data-element_type=\"column\" data-settings=\"{&quot;animation&quot;:&quot;slideInRight&quot;}\">\n\t\t\t<div class=\"elementor-widget-wrap elementor-element-populated\">\n\t\t\t\t\t\t<div class=\"elementor-element elementor-element-42b922ab elementor-widget elementor-widget-heading\" data-id=\"42b922ab\" data-element_type=\"widget\" data-widget_type=\"heading.default\">\n\t\t\t\t\t<h2 class=\"elementor-heading-title elementor-size-default\">Rufen Sie uns an!<\/h2>\t\t\t\t<\/div>\n\t\t\t\t<div class=\"elementor-element elementor-element-a9b2eca elementor-align-center elementor-icon-list--layout-traditional elementor-list-item-link-full_width elementor-widget elementor-widget-icon-list\" data-id=\"a9b2eca\" data-element_type=\"widget\" data-widget_type=\"icon-list.default\">\n\t\t\t\t\t\t\t<ul class=\"elementor-icon-list-items\">\n\t\t\t\t\t\t\t<li class=\"elementor-icon-list-item\">\n\t\t\t\t\t\t\t\t\t\t<span class=\"elementor-icon-list-text\">Die helle und freundliche Atmosph\u00e4re in den offen und modern gestalteten R\u00e4umlichkeiten macht Ihren Aufenthalt bei uns so kurzweilig und angenehm wie m\u00f6glich.<\/span>\n\t\t\t\t\t\t\t\t\t<\/li>\n\t\t\t\t\t\t<\/ul>\n\t\t\t\t\t\t<\/div>\n\t\t\t\t<div class=\"elementor-element elementor-element-63ea0a6 elementor-view-default elementor-position-top elementor-mobile-position-top elementor-widget elementor-widget-icon-box\" data-id=\"63ea0a6\" data-element_type=\"widget\" data-widget_type=\"icon-box.default\">\n\t\t\t\t\t\t\t<div class=\"elementor-icon-box-wrapper\">\n\n\t\t\t\t\t\t<div class=\"elementor-icon-box-icon\">\n\t\t\t\t<span  class=\"elementor-icon\">\n\t\t\t\t<svg class=\"ekit-svg-icon icon-phone1\" viewBox=\"0 0 32 32\" xmlns=\"http:\/\/www.w3.org\/2000\/svg\"><path d=\"M25.288 20.225c-0.656-0.681-1.444-1.044-2.281-1.044-0.831 0-1.625 0.356-2.313 1.038l-2.131 2.125c-0.175-0.094-0.35-0.181-0.519-0.269-0.244-0.119-0.475-0.238-0.669-0.356-2-1.269-3.819-2.925-5.556-5.063-0.844-1.069-1.412-1.963-1.825-2.875 0.556-0.506 1.069-1.031 1.569-1.537 0.188-0.188 0.381-0.387 0.569-0.575 1.419-1.419 1.419-3.256 0-4.675l-1.844-1.844c-0.206-0.206-0.425-0.425-0.625-0.644-0.406-0.419-0.831-0.85-1.269-1.256-0.656-0.65-1.438-0.994-2.263-0.994s-1.619 0.344-2.294 0.994c-0.006 0.006-0.006 0.006-0.013 0.013l-2.294 2.319c-0.863 0.862-1.356 1.919-1.462 3.138-0.163 1.975 0.419 3.806 0.863 5.013 1.094 2.95 2.731 5.688 5.169 8.619 2.956 3.531 6.519 6.319 10.581 8.288 1.556 0.738 3.625 1.606 5.944 1.756 0.144 0.006 0.288 0.013 0.425 0.013 1.563 0 2.869-0.563 3.9-1.675 0.006-0.012 0.019-0.019 0.025-0.031 0.35-0.425 0.756-0.813 1.181-1.225 0.288-0.275 0.587-0.569 0.875-0.869 0.669-0.694 1.019-1.506 1.019-2.337 0-0.837-0.356-1.644-1.038-2.319l-3.725-3.725zM27.706 27.337c-0.006 0-0.006 0.006 0 0-0.262 0.281-0.531 0.538-0.825 0.825-0.438 0.419-0.887 0.856-1.306 1.35-0.681 0.731-1.488 1.075-2.538 1.075-0.1 0-0.206 0-0.313-0.006-2.006-0.131-3.869-0.913-5.269-1.581-3.825-1.85-7.181-4.475-9.969-7.806-2.294-2.781-3.837-5.35-4.856-8.1-0.625-1.681-0.856-2.994-0.756-4.225 0.069-0.787 0.369-1.444 0.931-2.006l2.3-2.3c0.331-0.313 0.681-0.481 1.025-0.481 0.425 0 0.769 0.256 0.987 0.475 0.006 0.006 0.013 0.013 0.019 0.019 0.412 0.388 0.806 0.781 1.219 1.206 0.206 0.219 0.425 0.431 0.644 0.656l1.844 1.844c0.719 0.719 0.719 1.375 0 2.094-0.194 0.194-0.387 0.394-0.581 0.581-0.569 0.581-1.106 1.119-1.694 1.65-0.012 0.012-0.025 0.019-0.031 0.031-0.581 0.581-0.475 1.15-0.35 1.531 0.006 0.019 0.012 0.037 0.019 0.063 0.481 1.162 1.156 2.256 2.181 3.556l0.006 0.006c1.863 2.294 3.831 4.087 6 5.456 0.275 0.175 0.563 0.319 0.831 0.45 0.244 0.119 0.475 0.238 0.669 0.356 0.025 0.012 0.056 0.031 0.081 0.050 0.231 0.113 0.444 0.169 0.669 0.169 0.563 0 0.913-0.35 1.025-0.469l2.313-2.313c0.231-0.231 0.594-0.506 1.019-0.506 0.419 0 0.762 0.262 0.975 0.494 0.006 0.006 0.006 0.006 0.012 0.012l3.719 3.719c0.688 0.7 0.688 1.406 0 2.125zM17.294 8.012c1.769 0.3 3.375 1.137 4.662 2.419s2.113 2.894 2.419 4.662c0.075 0.444 0.456 0.756 0.9 0.756 0.056 0 0.1-0.006 0.156-0.012 0.5-0.081 0.831-0.556 0.75-1.056-0.363-2.144-1.375-4.094-2.925-5.638-1.544-1.544-3.5-2.563-5.637-2.925-0.5-0.081-0.969 0.25-1.056 0.744-0.094 0.487 0.231 0.969 0.731 1.050zM31.962 14.519c-0.6-3.525-2.262-6.731-4.813-9.287s-5.762-4.213-9.288-4.813c-0.494-0.088-0.956 0.25-1.044 0.744-0.081 0.5 0.25 0.969 0.75 1.056 3.15 0.531 6.019 2.025 8.3 4.3 2.281 2.281 3.769 5.156 4.3 8.3 0.075 0.444 0.456 0.756 0.9 0.756 0.056 0 0.1-0.006 0.156-0.012 0.488-0.081 0.825-0.556 0.738-1.044z\"><\/path><\/svg>\t\t\t\t<\/span>\n\t\t\t<\/div>\n\t\t\t\n\t\t\t\t\t\t<div class=\"elementor-icon-box-content\">\n\n\t\t\t\t\t\t\t\t\t<h3 class=\"elementor-icon-box-title\">\n\t\t\t\t\t\t<span  >\n\t\t\t\t\t\t\t044 202 80 02\t\t\t\t\t\t<\/span>\n\t\t\t\t\t<\/h3>\n\t\t\t\t\n\t\t\t\t\n\t\t\t<\/div>\n\t\t\t\n\t\t<\/div>\n\t\t\t\t\t\t<\/div>\n\t\t\t\t\t<\/div>\n\t\t<\/div>\n\t\t\t\t\t<\/div>\n\t\t<\/section>\n\t\t\t\t<section class=\"elementor-section elementor-top-section elementor-element elementor-element-bc8724f elementor-section-boxed elementor-section-height-default elementor-section-height-default\" data-id=\"bc8724f\" data-element_type=\"section\" data-settings=\"{&quot;background_background&quot;:&quot;classic&quot;}\">\n\t\t\t\t\t\t<div class=\"elementor-container elementor-column-gap-default\">\n\t\t\t\t\t<div class=\"elementor-column elementor-col-100 elementor-top-column elementor-element elementor-element-10e887a\" data-id=\"10e887a\" data-element_type=\"column\" data-settings=\"{&quot;background_background&quot;:&quot;classic&quot;}\">\n\t\t\t<div class=\"elementor-widget-wrap elementor-element-populated\">\n\t\t\t\t\t<div class=\"elementor-background-overlay\"><\/div>\n\t\t\t\t\t\t<div class=\"elementor-element elementor-element-36f6773 elementor-widget elementor-widget-heading\" data-id=\"36f6773\" data-element_type=\"widget\" data-widget_type=\"heading.default\">\n\t\t\t\t\t<h2 class=\"elementor-heading-title elementor-size-default\">\nJetzt einfach Termin anfragen<\/h2>\t\t\t\t<\/div>\n\t\t\t\t\t<\/div>\n\t\t<\/div>\n\t\t\t\t\t<\/div>\n\t\t<\/section>\n\t\t<div class=\"elementor-element elementor-element-b5d6a87 e-con-full e-flex e-con e-parent\" data-id=\"b5d6a87\" data-element_type=\"container\" data-settings=\"{&quot;background_background&quot;:&quot;classic&quot;}\">\n\t\t\t\t<\/div>\n\t\t\t\t<\/div>\n\t\t","protected":false},"excerpt":{"rendered":"<p>Kontakt Rufen Sie uns an! Die helle und freundliche Atmosph\u00e4re in den offen und modern gestalteten R\u00e4umlichkeiten macht Ihren Aufenthalt [&hellip;]<\/p>\n","protected":false},"author":1,"featured_media":0,"parent":0,"menu_order":0,"comment_status":"closed","ping_status":"closed","template":"elementor_header_footer","meta":{"site-sidebar-layout":"default","site-content-layout":"","ast-site-content-layout":"full-width-container","site-content-style":"default","site-sidebar-style":"default","ast-global-header-display":"","ast-banner-title-visibility":"","ast-main-header-display":"","ast-hfb-above-header-display":"","ast-hfb-below-header-display":"","ast-hfb-mobile-header-display":"","site-post-title":"","ast-breadcrumbs-content":"","ast-featured-img":"","footer-sml-layout":"","ast-disable-related-posts":"","theme-transparent-header-meta":"","adv-header-id-meta":"","stick-header-meta":"","header-above-stick-meta":"","header-main-stick-meta":"","header-below-stick-meta":"","astra-migrate-meta-layouts":"default","ast-page-background-enabled":"default","ast-page-background-meta":{"desktop":{"background-color":"var(--ast-global-color-5)","background-image":"","background-repeat":"repeat","background-position":"center center","background-size":"auto","background-attachment":"scroll","background-type":"","background-media":"","overlay-type":"","overlay-color":"","overlay-opacity":"","overlay-gradient":""},"tablet":{"background-color":"","background-image":"","background-repeat":"repeat","background-position":"center center","background-size":"auto","background-attachment":"scroll","background-type":"","background-media":"","overlay-type":"","overlay-color":"","overlay-opacity":"","overlay-gradient":""},"mobile":{"background-color":"","background-image":"","background-repeat":"repeat","background-position":"center center","background-size":"auto","background-attachment":"scroll","background-type":"","background-media":"","overlay-type":"","overlay-color":"","overlay-opacity":"","overlay-gradient":""}},"ast-content-background-meta":{"desktop":{"background-color":"var(--ast-global-color-4)","background-image":"","background-repeat":"repeat","background-position":"center center","background-size":"auto","background-attachment":"scroll","background-type":"","background-media":"","overlay-type":"","overlay-color":"","overlay-opacity":"","overlay-gradient":""},"tablet":{"background-color":"var(--ast-global-color-4)","background-image":"","background-repeat":"repeat","background-position":"center center","background-size":"auto","background-attachment":"scroll","background-type":"","background-media":"","overlay-type":"","overlay-color":"","overlay-opacity":"","overlay-gradient":""},"mobile":{"background-color":"var(--ast-global-color-4)","background-image":"","background-repeat":"repeat","background-position":"center center","background-size":"auto","background-attachment":"scroll","background-type":"","background-media":"","overlay-type":"","overlay-color":"","overlay-opacity":"","overlay-gradient":""}},"footnotes":""},"class_list":["post-495","page","type-page","status-publish","hentry"],"_links":{"self":[{"href":"https:\/\/www.websites12345.online\/drjungnew\/wp-json\/wp\/v2\/pages\/495","targetHints":{"allow":["GET"]}}],"collection":[{"href":"https:\/\/www.websites12345.online\/drjungnew\/wp-json\/wp\/v2\/pages"}],"about":[{"href":"https:\/\/www.websites12345.online\/drjungnew\/wp-json\/wp\/v2\/types\/page"}],"author":[{"embeddable":true,"href":"https:\/\/www.websites12345.online\/drjungnew\/wp-json\/wp\/v2\/users\/1"}],"replies":[{"embeddable":true,"href":"https:\/\/www.websites12345.online\/drjungnew\/wp-json\/wp\/v2\/comments?post=495"}],"version-history":[{"count":19,"href":"https:\/\/www.websites12345.online\/drjungnew\/wp-json\/wp\/v2\/pages\/495\/revisions"}],"predecessor-version":[{"id":2976,"href":"https:\/\/www.websites12345.online\/drjungnew\/wp-json\/wp\/v2\/pages\/495\/revisions\/2976"}],"wp:attachment":[{"href":"https:\/\/www.websites12345.online\/drjungnew\/wp-json\/wp\/v2\/media?parent=495"}],"curies":[{"name":"wp","href":"https:\/\/api.w.org\/{rel}","templated":true}]}}