{"id":445,"date":"2026-02-04T12:50:28","date_gmt":"2026-02-04T12:50:28","guid":{"rendered":"https:\/\/www.websites12345.online\/drjungnew\/?page_id=445"},"modified":"2026-02-17T09:02:31","modified_gmt":"2026-02-17T09:02:31","slug":"praxis","status":"publish","type":"page","link":"https:\/\/www.websites12345.online\/drjungnew\/praxis\/","title":{"rendered":"Praxis"},"content":{"rendered":"\t\t<div data-elementor-type=\"wp-page\" data-elementor-id=\"445\" class=\"elementor elementor-445\" data-elementor-post-type=\"page\">\n\t\t\t\t\t\t<section class=\"elementor-section elementor-top-section elementor-element elementor-element-4898da0 elementor-section-boxed elementor-section-height-default elementor-section-height-default\" data-id=\"4898da0\" data-element_type=\"section\" data-settings=\"{&quot;background_background&quot;:&quot;classic&quot;}\">\n\t\t\t\t\t\t\t<div class=\"elementor-background-overlay\"><\/div>\n\t\t\t\t\t\t\t<div class=\"elementor-container elementor-column-gap-default\">\n\t\t\t\t\t<div class=\"elementor-column elementor-col-100 elementor-top-column elementor-element elementor-element-53c2249\" data-id=\"53c2249\" data-element_type=\"column\" data-settings=\"{&quot;background_background&quot;:&quot;classic&quot;,&quot;animation&quot;:&quot;none&quot;}\">\n\t\t\t<div class=\"elementor-widget-wrap elementor-element-populated\">\n\t\t\t\t\t\t<section class=\"elementor-section elementor-inner-section elementor-element elementor-element-e961234 elementor-section-boxed elementor-section-height-default elementor-section-height-default\" data-id=\"e961234\" data-element_type=\"section\">\n\t\t\t\t\t\t<div class=\"elementor-container elementor-column-gap-default\">\n\t\t\t\t\t<div class=\"elementor-column elementor-col-100 elementor-inner-column elementor-element elementor-element-03f676d elementor-invisible\" data-id=\"03f676d\" data-element_type=\"column\" data-settings=\"{&quot;animation&quot;:&quot;fadeInRight&quot;}\">\n\t\t\t<div class=\"elementor-widget-wrap elementor-element-populated\">\n\t\t\t\t\t\t<div class=\"elementor-element elementor-element-e10f8a7 elementor-widget__width-inherit elementor-widget elementor-widget-heading\" data-id=\"e10f8a7\" data-element_type=\"widget\" data-widget_type=\"heading.default\">\n\t\t\t\t\t<h2 class=\"elementor-heading-title elementor-size-default\">Praxis <\/h2>\t\t\t\t<\/div>\n\t\t\t\t\t<\/div>\n\t\t<\/div>\n\t\t\t\t\t<\/div>\n\t\t<\/section>\n\t\t\t\t\t<\/div>\n\t\t<\/div>\n\t\t\t\t\t<\/div>\n\t\t<\/section>\n\t\t\t\t<section class=\"elementor-section elementor-top-section elementor-element elementor-element-57eb28c9 elementor-section-boxed elementor-section-height-default elementor-section-height-default\" data-id=\"57eb28c9\" data-element_type=\"section\">\n\t\t\t\t\t\t<div class=\"elementor-container elementor-column-gap-default\">\n\t\t\t\t\t<div class=\"elementor-column elementor-col-100 elementor-top-column elementor-element elementor-element-286e08f8 elementor-invisible\" data-id=\"286e08f8\" data-element_type=\"column\" data-settings=\"{&quot;animation&quot;:&quot;slideInRight&quot;}\">\n\t\t\t<div class=\"elementor-widget-wrap elementor-element-populated\">\n\t\t\t\t\t\t<div class=\"elementor-element elementor-element-42b922ab elementor-widget elementor-widget-heading\" data-id=\"42b922ab\" data-element_type=\"widget\" data-widget_type=\"heading.default\">\n\t\t\t\t\t<h2 class=\"elementor-heading-title elementor-size-default\">Praxis f\u00fcr Kieferorthop\u00e4die in Z\u00fcrich<\/h2>\t\t\t\t<\/div>\n\t\t\t\t<div class=\"elementor-element elementor-element-a9b2eca elementor-icon-list--layout-traditional elementor-list-item-link-full_width elementor-widget elementor-widget-icon-list\" data-id=\"a9b2eca\" data-element_type=\"widget\" data-widget_type=\"icon-list.default\">\n\t\t\t\t\t\t\t<ul class=\"elementor-icon-list-items\">\n\t\t\t\t\t\t\t<li class=\"elementor-icon-list-item\">\n\t\t\t\t\t\t\t\t\t\t<span class=\"elementor-icon-list-text\">Sie finden unsere Praxis in der Bodmerstrasse 14 in Z\u00fcrich Enge im Ergeschoss &amp; 1. Obergeschoss. Mit der Entscheidung zur Neugr\u00fcndung einer kieferorthop\u00e4dischen Praxis war klar, dass keine Kompromisse hinsichtlich der Umsetzung und Ausstattung gemacht werden k\u00f6nnen. In enger Abstimmung mit den offiziellen Stellen wie z. B. dem Gesundheits- und Umweltdepartment, dem Amt f\u00fcr Baubewilligungen \u2013 Kreis 2 und der Baukontrolle wurden die R\u00e4umlichkeiten den Anforderungen an eine Arztpraxis unter Einhaltung aller geltender Verordnungen angepasst und ausgebaut. Durchdachte Anordnung von R\u00e4umen optimiert die Arbeitsabl\u00e4ufe und sichert somit die Qualit\u00e4t Ihrer kieferorthop\u00e4dischen Behandlung.<\/span>\n\t\t\t\t\t\t\t\t\t<\/li>\n\t\t\t\t\t\t\t\t<li class=\"elementor-icon-list-item\">\n\t\t\t\t\t\t\t\t\t\t<span class=\"elementor-icon-list-text\">Die helle und freundliche Atmosph\u00e4re in den offen und modern gestalteten R\u00e4umlichkeiten macht Ihren Aufenthalt bei uns so kurzweilig und angenehm wie m\u00f6glich.<\/span>\n\t\t\t\t\t\t\t\t\t<\/li>\n\t\t\t\t\t\t<\/ul>\n\t\t\t\t\t\t<\/div>\n\t\t\t\t\t<\/div>\n\t\t<\/div>\n\t\t\t\t\t<\/div>\n\t\t<\/section>\n\t\t\t\t<section class=\"elementor-section elementor-top-section elementor-element elementor-element-bc8724f elementor-section-boxed elementor-section-height-default elementor-section-height-default\" data-id=\"bc8724f\" data-element_type=\"section\" data-settings=\"{&quot;background_background&quot;:&quot;classic&quot;}\">\n\t\t\t\t\t\t<div class=\"elementor-container elementor-column-gap-default\">\n\t\t\t\t\t<div class=\"elementor-column elementor-col-100 elementor-top-column elementor-element elementor-element-10e887a\" data-id=\"10e887a\" data-element_type=\"column\" data-settings=\"{&quot;background_background&quot;:&quot;classic&quot;}\">\n\t\t\t<div class=\"elementor-widget-wrap elementor-element-populated\">\n\t\t\t\t\t<div class=\"elementor-background-overlay\"><\/div>\n\t\t\t\t\t\t<div class=\"elementor-element elementor-element-970d14e elementor-arrows-position-inside elementor-widget elementor-widget-image-carousel\" data-id=\"970d14e\" data-element_type=\"widget\" data-settings=\"{&quot;slides_to_show&quot;:&quot;3&quot;,&quot;slides_to_scroll&quot;:&quot;3&quot;,&quot;navigation&quot;:&quot;arrows&quot;,&quot;image_spacing_custom&quot;:{&quot;unit&quot;:&quot;px&quot;,&quot;size&quot;:15,&quot;sizes&quot;:[]},&quot;autoplay&quot;:&quot;yes&quot;,&quot;pause_on_hover&quot;:&quot;yes&quot;,&quot;pause_on_interaction&quot;:&quot;yes&quot;,&quot;autoplay_speed&quot;:5000,&quot;infinite&quot;:&quot;yes&quot;,&quot;speed&quot;:500,&quot;image_spacing_custom_tablet&quot;:{&quot;unit&quot;:&quot;px&quot;,&quot;size&quot;:&quot;&quot;,&quot;sizes&quot;:[]},&quot;image_spacing_custom_mobile&quot;:{&quot;unit&quot;:&quot;px&quot;,&quot;size&quot;:&quot;&quot;,&quot;sizes&quot;:[]}}\" data-widget_type=\"image-carousel.default\">\n\t\t\t\t\t\t\t<div class=\"elementor-image-carousel-wrapper swiper\" role=\"region\" aria-roledescription=\"carousel\" aria-label=\"Image Carousel\" dir=\"ltr\">\n\t\t\t<div class=\"elementor-image-carousel swiper-wrapper\" aria-live=\"off\">\n\t\t\t\t\t\t\t\t<div class=\"swiper-slide\" role=\"group\" aria-roledescription=\"slide\" aria-label=\"1 of 6\"><a data-elementor-open-lightbox=\"yes\" data-elementor-lightbox-slideshow=\"970d14e\" data-elementor-lightbox-title=\"Gallery (1)\" data-e-action-hash=\"#elementor-action%3Aaction%3Dlightbox%26settings%3DeyJpZCI6NDUzLCJ1cmwiOiJodHRwczpcL1wvd3d3LndlYnNpdGVzMTIzNDUub25saW5lXC9kcmp1bmduZXdcL3dwLWNvbnRlbnRcL3VwbG9hZHNcLzIwMjZcLzAyXC9HYWxsZXJ5LTEuanBnIiwic2xpZGVzaG93IjoiOTcwZDE0ZSJ9\" href=\"https:\/\/www.websites12345.online\/drjungnew\/wp-content\/uploads\/2026\/02\/Gallery-1.jpg\"><figure class=\"swiper-slide-inner\"><img decoding=\"async\" class=\"swiper-slide-image\" src=\"https:\/\/www.websites12345.online\/drjungnew\/wp-content\/uploads\/2026\/02\/Gallery-1.jpg\" alt=\"Gallery (1)\" \/><\/figure><\/a><\/div><div class=\"swiper-slide\" role=\"group\" aria-roledescription=\"slide\" aria-label=\"2 of 6\"><a data-elementor-open-lightbox=\"yes\" data-elementor-lightbox-slideshow=\"970d14e\" data-elementor-lightbox-title=\"Gallery (4)\" data-e-action-hash=\"#elementor-action%3Aaction%3Dlightbox%26settings%3DeyJpZCI6NDU4LCJ1cmwiOiJodHRwczpcL1wvd3d3LndlYnNpdGVzMTIzNDUub25saW5lXC9kcmp1bmduZXdcL3dwLWNvbnRlbnRcL3VwbG9hZHNcLzIwMjZcLzAyXC9HYWxsZXJ5LTQuanBlZyIsInNsaWRlc2hvdyI6Ijk3MGQxNGUifQ%3D%3D\" href=\"https:\/\/www.websites12345.online\/drjungnew\/wp-content\/uploads\/2026\/02\/Gallery-4.jpeg\"><figure class=\"swiper-slide-inner\"><img decoding=\"async\" class=\"swiper-slide-image\" src=\"https:\/\/www.websites12345.online\/drjungnew\/wp-content\/uploads\/2026\/02\/Gallery-4.jpeg\" alt=\"Gallery (4)\" \/><\/figure><\/a><\/div><div class=\"swiper-slide\" role=\"group\" aria-roledescription=\"slide\" aria-label=\"3 of 6\"><a data-elementor-open-lightbox=\"yes\" data-elementor-lightbox-slideshow=\"970d14e\" data-elementor-lightbox-title=\"Gallery (2)\" data-e-action-hash=\"#elementor-action%3Aaction%3Dlightbox%26settings%3DeyJpZCI6NDU0LCJ1cmwiOiJodHRwczpcL1wvd3d3LndlYnNpdGVzMTIzNDUub25saW5lXC9kcmp1bmduZXdcL3dwLWNvbnRlbnRcL3VwbG9hZHNcLzIwMjZcLzAyXC9HYWxsZXJ5LTIuanBnIiwic2xpZGVzaG93IjoiOTcwZDE0ZSJ9\" href=\"https:\/\/www.websites12345.online\/drjungnew\/wp-content\/uploads\/2026\/02\/Gallery-2.jpg\"><figure class=\"swiper-slide-inner\"><img decoding=\"async\" class=\"swiper-slide-image\" src=\"https:\/\/www.websites12345.online\/drjungnew\/wp-content\/uploads\/2026\/02\/Gallery-2.jpg\" alt=\"Gallery (2)\" \/><\/figure><\/a><\/div><div class=\"swiper-slide\" role=\"group\" aria-roledescription=\"slide\" aria-label=\"4 of 6\"><a data-elementor-open-lightbox=\"yes\" data-elementor-lightbox-slideshow=\"970d14e\" data-elementor-lightbox-title=\"Gallery (1)\" data-e-action-hash=\"#elementor-action%3Aaction%3Dlightbox%26settings%3DeyJpZCI6NDU1LCJ1cmwiOiJodHRwczpcL1wvd3d3LndlYnNpdGVzMTIzNDUub25saW5lXC9kcmp1bmduZXdcL3dwLWNvbnRlbnRcL3VwbG9hZHNcLzIwMjZcLzAyXC9HYWxsZXJ5LTEuanBlZyIsInNsaWRlc2hvdyI6Ijk3MGQxNGUifQ%3D%3D\" href=\"https:\/\/www.websites12345.online\/drjungnew\/wp-content\/uploads\/2026\/02\/Gallery-1.jpeg\"><figure class=\"swiper-slide-inner\"><img decoding=\"async\" class=\"swiper-slide-image\" src=\"https:\/\/www.websites12345.online\/drjungnew\/wp-content\/uploads\/2026\/02\/Gallery-1.jpeg\" alt=\"Gallery (1)\" \/><\/figure><\/a><\/div><div class=\"swiper-slide\" role=\"group\" aria-roledescription=\"slide\" aria-label=\"5 of 6\"><a data-elementor-open-lightbox=\"yes\" data-elementor-lightbox-slideshow=\"970d14e\" data-elementor-lightbox-title=\"Gallery (3)\" data-e-action-hash=\"#elementor-action%3Aaction%3Dlightbox%26settings%3DeyJpZCI6NDU3LCJ1cmwiOiJodHRwczpcL1wvd3d3LndlYnNpdGVzMTIzNDUub25saW5lXC9kcmp1bmduZXdcL3dwLWNvbnRlbnRcL3VwbG9hZHNcLzIwMjZcLzAyXC9HYWxsZXJ5LTMuanBlZyIsInNsaWRlc2hvdyI6Ijk3MGQxNGUifQ%3D%3D\" href=\"https:\/\/www.websites12345.online\/drjungnew\/wp-content\/uploads\/2026\/02\/Gallery-3.jpeg\"><figure class=\"swiper-slide-inner\"><img decoding=\"async\" class=\"swiper-slide-image\" src=\"https:\/\/www.websites12345.online\/drjungnew\/wp-content\/uploads\/2026\/02\/Gallery-3.jpeg\" alt=\"Gallery (3)\" \/><\/figure><\/a><\/div><div class=\"swiper-slide\" role=\"group\" aria-roledescription=\"slide\" aria-label=\"6 of 6\"><a data-elementor-open-lightbox=\"yes\" data-elementor-lightbox-slideshow=\"970d14e\" data-elementor-lightbox-title=\"Gallery (2)\" data-e-action-hash=\"#elementor-action%3Aaction%3Dlightbox%26settings%3DeyJpZCI6NDU2LCJ1cmwiOiJodHRwczpcL1wvd3d3LndlYnNpdGVzMTIzNDUub25saW5lXC9kcmp1bmduZXdcL3dwLWNvbnRlbnRcL3VwbG9hZHNcLzIwMjZcLzAyXC9HYWxsZXJ5LTIuanBlZyIsInNsaWRlc2hvdyI6Ijk3MGQxNGUifQ%3D%3D\" href=\"https:\/\/www.websites12345.online\/drjungnew\/wp-content\/uploads\/2026\/02\/Gallery-2.jpeg\"><figure class=\"swiper-slide-inner\"><img decoding=\"async\" class=\"swiper-slide-image\" src=\"https:\/\/www.websites12345.online\/drjungnew\/wp-content\/uploads\/2026\/02\/Gallery-2.jpeg\" alt=\"Gallery (2)\" \/><\/figure><\/a><\/div>\t\t\t<\/div>\n\t\t\t\t\t\t\t\t\t\t\t\t<div class=\"elementor-swiper-button elementor-swiper-button-prev\" role=\"button\" tabindex=\"0\">\n\t\t\t\t\t\t<svg aria-hidden=\"true\" class=\"e-font-icon-svg e-eicon-chevron-left\" viewBox=\"0 0 1000 1000\" xmlns=\"http:\/\/www.w3.org\/2000\/svg\"><path d=\"M646 125C629 125 613 133 604 142L308 442C296 454 292 471 292 487 292 504 296 521 308 533L604 854C617 867 629 875 646 875 663 875 679 871 692 858 704 846 713 829 713 812 713 796 708 779 692 767L438 487 692 225C700 217 708 204 708 187 708 171 704 154 692 142 675 129 663 125 646 125Z\"><\/path><\/svg>\t\t\t\t\t<\/div>\n\t\t\t\t\t<div class=\"elementor-swiper-button elementor-swiper-button-next\" role=\"button\" tabindex=\"0\">\n\t\t\t\t\t\t<svg aria-hidden=\"true\" class=\"e-font-icon-svg e-eicon-chevron-right\" viewBox=\"0 0 1000 1000\" xmlns=\"http:\/\/www.w3.org\/2000\/svg\"><path d=\"M696 533C708 521 713 504 713 487 713 471 708 454 696 446L400 146C388 133 375 125 354 125 338 125 325 129 313 142 300 154 292 171 292 187 292 204 296 221 308 233L563 492 304 771C292 783 288 800 288 817 288 833 296 850 308 863 321 871 338 875 354 875 371 875 388 867 400 854L696 533Z\"><\/path><\/svg>\t\t\t\t\t<\/div>\n\t\t\t\t\n\t\t\t\t\t\t\t\t\t<\/div>\n\t\t\t\t\t\t<\/div>\n\t\t\t\t\t<\/div>\n\t\t<\/div>\n\t\t\t\t\t<\/div>\n\t\t<\/section>\n\t\t<div class=\"elementor-element elementor-element-b5d6a87 e-con-full e-flex e-con e-parent\" data-id=\"b5d6a87\" data-element_type=\"container\" data-settings=\"{&quot;background_background&quot;:&quot;classic&quot;}\">\n\t\t\t\t<\/div>\n\t\t\t\t<\/div>\n\t\t","protected":false},"excerpt":{"rendered":"<p>Praxis Praxis f\u00fcr Kieferorthop\u00e4die in Z\u00fcrich Sie finden unsere Praxis in der Bodmerstrasse 14 in Z\u00fcrich Enge im Ergeschoss &amp; [&hellip;]<\/p>\n","protected":false},"author":1,"featured_media":0,"parent":0,"menu_order":0,"comment_status":"closed","ping_status":"closed","template":"elementor_header_footer","meta":{"site-sidebar-layout":"default","site-content-layout":"","ast-site-content-layout":"full-width-container","site-content-style":"default","site-sidebar-style":"default","ast-global-header-display":"","ast-banner-title-visibility":"","ast-main-header-display":"","ast-hfb-above-header-display":"","ast-hfb-below-header-display":"","ast-hfb-mobile-header-display":"","site-post-title":"","ast-breadcrumbs-content":"","ast-featured-img":"","footer-sml-layout":"","ast-disable-related-posts":"","theme-transparent-header-meta":"","adv-header-id-meta":"","stick-header-meta":"","header-above-stick-meta":"","header-main-stick-meta":"","header-below-stick-meta":"","astra-migrate-meta-layouts":"default","ast-page-background-enabled":"default","ast-page-background-meta":{"desktop":{"background-color":"var(--ast-global-color-5)","background-image":"","background-repeat":"repeat","background-position":"center center","background-size":"auto","background-attachment":"scroll","background-type":"","background-media":"","overlay-type":"","overlay-color":"","overlay-opacity":"","overlay-gradient":""},"tablet":{"background-color":"","background-image":"","background-repeat":"repeat","background-position":"center center","background-size":"auto","background-attachment":"scroll","background-type":"","background-media":"","overlay-type":"","overlay-color":"","overlay-opacity":"","overlay-gradient":""},"mobile":{"background-color":"","background-image":"","background-repeat":"repeat","background-position":"center center","background-size":"auto","background-attachment":"scroll","background-type":"","background-media":"","overlay-type":"","overlay-color":"","overlay-opacity":"","overlay-gradient":""}},"ast-content-background-meta":{"desktop":{"background-color":"var(--ast-global-color-4)","background-image":"","background-repeat":"repeat","background-position":"center center","background-size":"auto","background-attachment":"scroll","background-type":"","background-media":"","overlay-type":"","overlay-color":"","overlay-opacity":"","overlay-gradient":""},"tablet":{"background-color":"var(--ast-global-color-4)","background-image":"","background-repeat":"repeat","background-position":"center center","background-size":"auto","background-attachment":"scroll","background-type":"","background-media":"","overlay-type":"","overlay-color":"","overlay-opacity":"","overlay-gradient":""},"mobile":{"background-color":"var(--ast-global-color-4)","background-image":"","background-repeat":"repeat","background-position":"center center","background-size":"auto","background-attachment":"scroll","background-type":"","background-media":"","overlay-type":"","overlay-color":"","overlay-opacity":"","overlay-gradient":""}},"footnotes":""},"class_list":["post-445","page","type-page","status-publish","hentry"],"_links":{"self":[{"href":"https:\/\/www.websites12345.online\/drjungnew\/wp-json\/wp\/v2\/pages\/445","targetHints":{"allow":["GET"]}}],"collection":[{"href":"https:\/\/www.websites12345.online\/drjungnew\/wp-json\/wp\/v2\/pages"}],"about":[{"href":"https:\/\/www.websites12345.online\/drjungnew\/wp-json\/wp\/v2\/types\/page"}],"author":[{"embeddable":true,"href":"https:\/\/www.websites12345.online\/drjungnew\/wp-json\/wp\/v2\/users\/1"}],"replies":[{"embeddable":true,"href":"https:\/\/www.websites12345.online\/drjungnew\/wp-json\/wp\/v2\/comments?post=445"}],"version-history":[{"count":25,"href":"https:\/\/www.websites12345.online\/drjungnew\/wp-json\/wp\/v2\/pages\/445\/revisions"}],"predecessor-version":[{"id":3093,"href":"https:\/\/www.websites12345.online\/drjungnew\/wp-json\/wp\/v2\/pages\/445\/revisions\/3093"}],"wp:attachment":[{"href":"https:\/\/www.websites12345.online\/drjungnew\/wp-json\/wp\/v2\/media?parent=445"}],"curies":[{"name":"wp","href":"https:\/\/api.w.org\/{rel}","templated":true}]}}